{"id":2559,"date":"2015-12-10T23:38:54","date_gmt":"2015-12-10T23:38:54","guid":{"rendered":"http:\/\/export-xml.qreativethemes.com\/physio\/?page_id=2559"},"modified":"2022-02-08T22:51:56","modified_gmt":"2022-02-08T21:51:56","slug":"monparcours","status":"publish","type":"page","link":"https:\/\/kine-genval.be\/index.php\/monparcours\/","title":{"rendered":"Mon parcours"},"content":{"rendered":"<div id=\"pl-2559\"  class=\"panel-layout\" ><div id=\"pg-2559-0\"  class=\"panel-grid panel-no-style\" ><div id=\"pgc-2559-0-0\"  class=\"panel-grid-cell\" ><div id=\"panel-2559-0-0-0\" class=\"so-panel widget widget_sow-editor panel-first-child panel-last-child\" data-index=\"0\" ><div class=\"so-widget-sow-editor so-widget-sow-editor-base\">\n<div class=\"siteorigin-widget-tinymce textwidget\">\n\t<p><span style=\"color: #56afd5; font-size: 15px;\"><strong>Education<\/strong><\/span><\/p>\n<p>Dipl\u00f4me de Master en \u00a0kin\u00e9sith\u00e9rapie \u00a0de la Haute\u00a0\u00e9cole L\u00e9onard de Vinci - Bruxelles<\/p>\n<p>Formations longues:<\/p>\n<p><strong><span class=\"icon-wrap\"><i class=\"fa fa-check\"><\/i><\/span> \u00a0<\/strong>\u00a0Th\u00e9rapie manuelle ETMA QPP IFOMPT (HELB) \u00a0 2016-2020<br \/>\n                                        (Sp\u00e9cialisation en kin\u00e9sith\u00e9rapie orthop\u00e9die-rhumatologie)<br \/>\n                                        Reconnaissance belge QPP, reconnaissance internationale IFOMPT<br \/>\n<strong><span class=\"icon-wrap\"><i class=\"fa fa-check\"><\/i><\/span> \u00a0<\/strong> Module de sp\u00e9cialisation en Master : les\u00a0chaines musculaires GDS\u00a0; 2015-2016<br \/>\n<strong><span class=\"icon-wrap\"><i class=\"fa fa-check\"><\/i><\/span> <\/strong>\u00a0 Shiatsu niveau 1; EEM<\/p>\n<p>Formations courtes:<br \/>\n<strong><span class=\"icon-wrap\"><i class=\"fa fa-check\"><\/i><\/span> \u00a0<\/strong> Lombalgie : Approche McKenzie: Module A 2022<br \/>\n<strong><span class=\"icon-wrap\"><i class=\"fa fa-check\"><\/i><\/span> \u00a0<\/strong> Traitement des cicatrices UCL 2019<br \/>\n<strong><span class=\"icon-wrap\"><i class=\"fa fa-check\"><\/i><\/span> \u00a0<\/strong> Concept Mulligan Membre sup\u00e9rieur 2018<br \/>\n<strong><span class=\"icon-wrap\"><i class=\"fa fa-check\"><\/i><\/span> \u00a0<\/strong> Concepts actuels et prise en charge de la tendinopathie de la coiffe des rotateurs Dr Phil McClure 2018<\/p>\n<p>Formations en ligne 2020-2022 Coronavirus: <\/p>\n<p><strong><span class=\"icon-wrap\"><i class=\"fa fa-check\"><\/i><\/span> \u00a0<\/strong> R\u00e9\u00e9ducation de l'\u00e9paule Jo GIBSON, ClinicalEdge , AUS     2021<br \/>\n<strong><span class=\"icon-wrap\"><i class=\"fa fa-check\"><\/i><\/span> \u00a0<\/strong> Physiotherapy and Readaptation for Muscle Injuries in Football by Juanjo Brau<br \/>\nFC Barcelona's physiotherapist (SP)-  barcainnovationhub 2020<br \/>\n<strong><span class=\"icon-wrap\"><i class=\"fa fa-check\"><\/i><\/span> \u00a0<\/strong> Lower Limb Tendinopathy by Jill Cook - La Trobe Sport and Exercise Medicine Research (AU) -  barcainnovationhub 2020<br \/>\n<strong><span class=\"icon-wrap\"><i class=\"fa fa-check\"><\/i><\/span> \u00a0<\/strong> R\u00e9\u00e9ducation et r\u00e9athl\u00e9tisation du patient pubalgique  par Jean-Michel Grand  PhysioAcademy 2020 <\/p>\n<p>Formations futures:<\/p>\n<p>Congr\u00e8s :<br \/>\n5th European Congress : pHysiotherapy Education  (Europe Region World Physiotherapy)  - 2021<\/p>\n<p><span style=\"color: #56afd5; font-size: 15px;\"><strong>Travail<\/strong><\/span><\/p>\n<p>Apr\u00e8s avoir pu apprendre aupr\u00e8s de diff\u00e9rents services des h\u00f4pitaux Saint-Luc, Saint-Pierre (Ottigines), Namur-Godinne et de centre de r\u00e9\u00e9ducation (Chirec Bois de la Pierre), je me suis install\u00e9 dans la r\u00e9gion au centre param\u00e9dical Becquevort en compagnie d'une grande \u00e9quipe form\u00e9e par 3 kin\u00e9s, 1 ost\u00e9opathe, 1 podologue et d'une psychologue.<\/p>\n<\/div>\n<\/div><\/div><\/div><div id=\"pgc-2559-0-1\"  class=\"panel-grid-cell\" ><div id=\"panel-2559-0-1-0\" class=\"so-panel widget widget_sow-editor panel-first-child panel-last-child\" data-index=\"1\" ><div class=\"so-widget-sow-editor so-widget-sow-editor-base\">\n<div class=\"siteorigin-widget-tinymce textwidget\">\n\t<p><a href=\"http:\/\/kine-genval.be\/wp-content\/uploads\/2015\/12\/2017-03-16-13.03.01-e1494598726189.jpg\" rel=\"attachment wp-att-7481\"><img loading=\"lazy\" class=\"alignnone size-full wp-image-7481\" src=\"http:\/\/kine-genval.be\/wp-content\/uploads\/2015\/12\/2017-03-16-13.03.01-e1494598726189.jpg\" alt=\"850x1133\" width=\"850\" height=\"1133\" \/><\/a><\/p>\n<\/div>\n<\/div><\/div><\/div><\/div><\/div>","protected":false},"excerpt":{"rendered":"<p>Education Dipl\u00f4me de Master en \u00a0kin\u00e9sith\u00e9rapie \u00a0de la Haute\u00a0\u00e9cole L\u00e9onard de Vinci &#8211; Bruxelles Formations longues: \u00a0\u00a0Th\u00e9rapie manuelle ETMA QPP IFOMPT (HELB) \u00a0 2016-2020 (Sp\u00e9cialisation en kin\u00e9sith\u00e9rapie orthop\u00e9die-rhumatologie) Reconnaissance belge QPP, reconnaissance internationale IFOMPT \u00a0 Module de sp\u00e9cialisation en Master : les\u00a0chaines musculaires GDS\u00a0; 2015-2016 \u00a0 Shiatsu niveau 1; EEM Formations courtes: \u00a0 Lombalgie : [&hellip;]<\/p>\n","protected":false},"author":1,"featured_media":0,"parent":0,"menu_order":0,"comment_status":"closed","ping_status":"closed","template":"","meta":[],"yoast_head":"<!-- This site is optimized with the Yoast SEO plugin v15.6.2 - https:\/\/yoast.com\/wordpress\/plugins\/seo\/ -->\n<title>Mon parcours - Kin\u00e9sith\u00e9rapeute Ludovic Leboulanger La Hulpe Genval<\/title>\n<meta name=\"robots\" content=\"index, follow, max-snippet:-1, max-image-preview:large, max-video-preview:-1\" \/>\n<link rel=\"canonical\" href=\"https:\/\/kine-genval.be\/index.php\/monparcours\/\" \/>\n<meta property=\"og:locale\" content=\"fr_FR\" \/>\n<meta property=\"og:type\" content=\"article\" \/>\n<meta property=\"og:title\" content=\"Mon parcours - Kin\u00e9sith\u00e9rapeute Ludovic Leboulanger La Hulpe Genval\" \/>\n<meta property=\"og:description\" content=\"Education Dipl\u00f4me de Master en \u00a0kin\u00e9sith\u00e9rapie \u00a0de la Haute\u00a0\u00e9cole L\u00e9onard de Vinci - Bruxelles Formations longues: \u00a0\u00a0Th\u00e9rapie manuelle ETMA QPP IFOMPT (HELB) \u00a0 2016-2020 (Sp\u00e9cialisation en kin\u00e9sith\u00e9rapie orthop\u00e9die-rhumatologie) Reconnaissance belge QPP, reconnaissance internationale IFOMPT \u00a0 Module de sp\u00e9cialisation en Master : les\u00a0chaines musculaires GDS\u00a0; 2015-2016 \u00a0 Shiatsu niveau 1; EEM Formations courtes: \u00a0 Lombalgie : [&hellip;]\" \/>\n<meta property=\"og:url\" content=\"https:\/\/kine-genval.be\/index.php\/monparcours\/\" \/>\n<meta property=\"og:site_name\" content=\"Kin\u00e9sith\u00e9rapeute Ludovic Leboulanger La Hulpe Genval\" \/>\n<meta property=\"article:modified_time\" content=\"2022-02-08T21:51:56+00:00\" \/>\n<meta property=\"og:image\" content=\"http:\/\/kine-genval.be\/wp-content\/uploads\/2015\/12\/2017-03-16-13.03.01-e1494598726189.jpg\" \/>\n<meta name=\"twitter:card\" content=\"summary\" \/>\n<meta name=\"twitter:label1\" content=\"Dur\u00e9e de lecture est.\">\n\t<meta name=\"twitter:data1\" content=\"1 minute\">\n<script type=\"application\/ld+json\" class=\"yoast-schema-graph\">{\"@context\":\"https:\/\/schema.org\",\"@graph\":[{\"@type\":\"WebSite\",\"@id\":\"https:\/\/kine-genval.be\/#website\",\"url\":\"https:\/\/kine-genval.be\/\",\"name\":\"Kin\\u00e9sith\\u00e9rapeute Ludovic Leboulanger La Hulpe Genval\",\"description\":\"- Site en construction -\",\"potentialAction\":[{\"@type\":\"SearchAction\",\"target\":\"https:\/\/kine-genval.be\/?s={search_term_string}\",\"query-input\":\"required name=search_term_string\"}],\"inLanguage\":\"fr-FR\"},{\"@type\":\"ImageObject\",\"@id\":\"https:\/\/kine-genval.be\/index.php\/monparcours\/#primaryimage\",\"inLanguage\":\"fr-FR\",\"url\":\"http:\/\/kine-genval.be\/wp-content\/uploads\/2015\/12\/2017-03-16-13.03.01-e1494598726189.jpg\"},{\"@type\":\"WebPage\",\"@id\":\"https:\/\/kine-genval.be\/index.php\/monparcours\/#webpage\",\"url\":\"https:\/\/kine-genval.be\/index.php\/monparcours\/\",\"name\":\"Mon parcours - Kin\\u00e9sith\\u00e9rapeute Ludovic Leboulanger La Hulpe Genval\",\"isPartOf\":{\"@id\":\"https:\/\/kine-genval.be\/#website\"},\"primaryImageOfPage\":{\"@id\":\"https:\/\/kine-genval.be\/index.php\/monparcours\/#primaryimage\"},\"datePublished\":\"2015-12-10T23:38:54+00:00\",\"dateModified\":\"2022-02-08T21:51:56+00:00\",\"inLanguage\":\"fr-FR\",\"potentialAction\":[{\"@type\":\"ReadAction\",\"target\":[\"https:\/\/kine-genval.be\/index.php\/monparcours\/\"]}]}]}<\/script>\n<!-- \/ Yoast SEO plugin. -->","_links":{"self":[{"href":"https:\/\/kine-genval.be\/index.php\/wp-json\/wp\/v2\/pages\/2559"}],"collection":[{"href":"https:\/\/kine-genval.be\/index.php\/wp-json\/wp\/v2\/pages"}],"about":[{"href":"https:\/\/kine-genval.be\/index.php\/wp-json\/wp\/v2\/types\/page"}],"author":[{"embeddable":true,"href":"https:\/\/kine-genval.be\/index.php\/wp-json\/wp\/v2\/users\/1"}],"replies":[{"embeddable":true,"href":"https:\/\/kine-genval.be\/index.php\/wp-json\/wp\/v2\/comments?post=2559"}],"version-history":[{"count":57,"href":"https:\/\/kine-genval.be\/index.php\/wp-json\/wp\/v2\/pages\/2559\/revisions"}],"predecessor-version":[{"id":7928,"href":"https:\/\/kine-genval.be\/index.php\/wp-json\/wp\/v2\/pages\/2559\/revisions\/7928"}],"wp:attachment":[{"href":"https:\/\/kine-genval.be\/index.php\/wp-json\/wp\/v2\/media?parent=2559"}],"curies":[{"name":"wp","href":"https:\/\/api.w.org\/{rel}","templated":true}]}}