{"id":7719,"date":"2017-05-15T22:33:40","date_gmt":"2017-05-15T20:33:40","guid":{"rendered":"http:\/\/kine-genval.be\/?page_id=7719"},"modified":"2021-01-21T23:28:56","modified_gmt":"2021-01-21T22:28:56","slug":"acceuil","status":"publish","type":"page","link":"https:\/\/kine-genval.be\/","title":{"rendered":"Acceuil"},"content":{"rendered":"<div id=\"pl-7719\"  class=\"panel-layout\" ><div id=\"pg-7719-0\"  class=\"panel-grid panel-no-style\" ><div id=\"pgc-7719-0-0\"  class=\"panel-grid-cell\" ><div id=\"panel-7719-0-0-0\" class=\"so-panel widget widget_sow-headline panel-first-child panel-last-child\" data-index=\"0\" ><div class=\"so-widget-sow-headline so-widget-sow-headline-default-8d8ed0dedf8a\"><div class=\"sow-headline-container \">\n\t<h1 class='sow-headline'>&gt; Kinesith\u00e9rapeute  Ludovic Leboulanger-Even &lt;<\/h1>\t\t\t\t\t<div class=\"decoration\">\n\t\t\t\t\t\t<div class=\"decoration-inside\"><\/div>\n\t\t\t\t\t<\/div>\n\t\t\t\t\t<\/div><\/div><\/div><\/div><\/div><div id=\"pg-7719-1\"  class=\"panel-grid panel-has-style\" ><div class=\"siteorigin-panels-stretch panel-row-style panel-row-style-for-7719-1\" data-stretch-type=\"full\" ><div id=\"pgc-7719-1-0\"  class=\"panel-grid-cell\" ><div id=\"panel-7719-1-0-0\" class=\"so-panel widget widget_sow-editor panel-first-child panel-last-child\" data-index=\"1\" ><div class=\"so-widget-sow-editor so-widget-sow-editor-base\"><h3 class=\"widget-title\">A propos<\/h3>\n<div class=\"siteorigin-widget-tinymce textwidget\">\n\t<p><a href=\"http:\/\/kine-genval.be\/wp-content\/uploads\/2017\/05\/2017-03-16-13.03.01-e1494598245789.jpg\" rel=\"attachment wp-att-6532\"><img loading=\"lazy\" class=\"wp-image-7480 size-medium alignleft\" src=\"http:\/\/kine-genval.be\/wp-content\/uploads\/2017\/05\/2017-03-16-13.03.01-e1494598245789.jpg\" alt=\"\" width=\"300\" height=\"150\" \/><\/a><\/p>\n<p>Suivant chaque cas, un plan de traitement personnel est \u00e9labor\u00e9. L'accent sera mis sur la r\u00e9cup\u00e9ration de la fonction d\u00e9faillante, mais \u00e9galement sur la pr\u00e9vention d'une nouvelle pathologie.<\/p>\n<p>Je vous propose donc une <strong>prise en charge compl\u00e8te et adapt\u00e9e<\/strong> \u00e0 vos besoins ainsi qu'\u00e0 vos disponibilit\u00e9s. Pour cela, un bilan complet aura une place pr\u00e9pond\u00e9rante lors de la premi\u00e8re s\u00e9ance. \u00a0 \u00a0 \u00a0 \u00a0 \u00a0 \u00a0 \u00a0 \u00a0 \u00a0 \u00a0<a href=\"http:\/\/kine-genval.be\/index.php\/single-therapist\/\" target=\"_blank\" rel=\"noopener noreferrer\"><strong>En savoir plus > <\/strong><\/a><\/p>\n<p><img loading=\"lazy\" class=\"alignright size-full wp-image-6983\" style=\"opacity: 0.2; margin-bottom: 0;\" src=\"http:\/\/kine-genval.be\/wp-content\/uploads\/2017\/05\/Pristina-24-e1494935361964.jpg\" alt=\"sig\" width=\"158\" height=\"37\" \/><\/p>\n<\/div>\n<\/div><\/div><\/div><div id=\"pgc-7719-1-1\"  class=\"panel-grid-cell\" ><div id=\"panel-7719-1-1-0\" class=\"so-panel widget widget_sow-editor panel-first-child panel-last-child\" data-index=\"2\" ><div class=\"bigger-widget-title panel-widget-style panel-widget-style-for-7719-1-1-0\" ><div class=\"so-widget-sow-editor so-widget-sow-editor-base\"><h3 class=\"widget-title\">Une question ? <\/h3>\n<div class=\"siteorigin-widget-tinymce textwidget\">\n\t<div role=\"form\" class=\"wpcf7\" id=\"wpcf7-f7235-o1\" lang=\"en-US\" dir=\"ltr\">\n<div class=\"screen-reader-response\"><p role=\"status\" aria-live=\"polite\" aria-atomic=\"true\"><\/p> <ul><\/ul><\/div>\n<form action=\"\/index.php\/wp-json\/wp\/v2\/pages\/7719#wpcf7-f7235-o1\" method=\"post\" class=\"wpcf7-form init\" novalidate=\"novalidate\" data-status=\"init\">\n<div style=\"display: none;\">\n<input type=\"hidden\" name=\"_wpcf7\" value=\"7235\" \/>\n<input type=\"hidden\" name=\"_wpcf7_version\" value=\"5.3.2\" \/>\n<input type=\"hidden\" name=\"_wpcf7_locale\" value=\"en_US\" \/>\n<input type=\"hidden\" name=\"_wpcf7_unit_tag\" value=\"wpcf7-f7235-o1\" \/>\n<input type=\"hidden\" name=\"_wpcf7_container_post\" value=\"0\" \/>\n<input type=\"hidden\" name=\"_wpcf7_posted_data_hash\" value=\"\" \/>\n<\/div>\n<div class=\"questionform white-featured-box\">\n<div class=\"row\">\n<div class=\"col-xs-12 col-md-6\">\n\t\t<span class=\"wpcf7-form-control-wrap your-name\"><input type=\"text\" name=\"your-name\" value=\"\" size=\"40\" class=\"wpcf7-form-control wpcf7-text wpcf7-validates-as-required\" aria-required=\"true\" aria-invalid=\"false\" placeholder=\"Nom et Pr\u00e9nom *\" \/><\/span><span class=\"wpcf7-form-control-wrap your-email\"><input type=\"email\" name=\"your-email\" value=\"\" size=\"40\" class=\"wpcf7-form-control wpcf7-text wpcf7-email wpcf7-validates-as-required wpcf7-validates-as-email\" aria-required=\"true\" aria-invalid=\"false\" placeholder=\"Adresse email *\" \/><\/span><span class=\"wpcf7-form-control-wrap your-phone\"><input type=\"tel\" name=\"your-phone\" value=\"\" size=\"40\" class=\"wpcf7-form-control wpcf7-text wpcf7-tel wpcf7-validates-as-required wpcf7-validates-as-tel\" aria-required=\"true\" aria-invalid=\"false\" placeholder=\"Num\u00e9ro de t\u00e9l\u00e9phone *\" \/><\/span><span class=\"wpcf7-form-control-wrap answer\"><select name=\"answer\" class=\"wpcf7-form-control wpcf7-select wpcf7-validates-as-required\" aria-required=\"true\" aria-invalid=\"false\"><option value=\"\">Recevoir la r\u00e9ponse par:<\/option><option value=\"T\u00e9l\u00e9phone\">T\u00e9l\u00e9phone<\/option><option value=\"Par Email\">Par Email<\/option><\/select><\/span>\n\t<\/div>\n<div class=\"col-xs-12 col-md-6\">\n\t\t<span class=\"wpcf7-form-control-wrap your-name\"><input type=\"text\" name=\"your-name\" value=\"\" size=\"40\" class=\"wpcf7-form-control wpcf7-text wpcf7-validates-as-required\" aria-required=\"true\" aria-invalid=\"false\" placeholder=\"Sujet\" \/><\/span><span class=\"wpcf7-form-control-wrap your-message\"><textarea name=\"your-message\" cols=\"40\" rows=\"10\" class=\"wpcf7-form-control wpcf7-textarea wpcf7-validates-as-required\" aria-required=\"true\" aria-invalid=\"false\" placeholder=\"Entrez votre demande...\"><\/textarea><\/span><input type=\"submit\" value=\"Envoyer la demande\" class=\"wpcf7-form-control wpcf7-submit btn btn-primary pull-right fullwidth\" \/>\n\t<\/div>\n<\/div>\n<\/div>\n<div class=\"wpcf7-response-output\" aria-hidden=\"true\"><\/div><\/form><\/div>\n<\/div>\n<\/div><\/div><\/div><\/div><\/div><\/div><div id=\"pg-7719-2\"  class=\"panel-grid panel-no-style\" ><div id=\"pgc-7719-2-0\"  class=\"panel-grid-cell\" ><div id=\"panel-7719-2-0-0\" class=\"so-panel widget widget_sow-editor panel-first-child panel-last-child\" data-index=\"3\" ><div class=\"so-widget-sow-editor so-widget-sow-editor-base\"><h3 class=\"widget-title\">Avantages<\/h3>\n<div class=\"siteorigin-widget-tinymce textwidget\">\n\t<div class=\"siteorigin-widget-tinymce textwidget\">\u00a0<\/div>\n<\/div>\n<\/div><\/div><\/div><\/div><div id=\"pg-7719-3\"  class=\"panel-grid panel-no-style\" ><div id=\"pgc-7719-3-0\"  class=\"panel-grid-cell\" ><div id=\"panel-7719-3-0-0\" class=\"so-panel widget widget_qt_icon_box widget-icon-box panel-first-child\" data-index=\"4\" >\t\t\t\t<div class=\"icon-box\">\n\t\t\t\t\t\t\t<div class=\"icon-box--icon\">\n\t\t\t\t\t<i class=\"fa fa-medkit\"><\/i>\n\t\t\t\t<\/div>\n\t\t\t\t<div class=\"icon-box--text\">\n\t\t\t\t\t<h6 class=\"icon-box--title\">Traitement Personnalis\u00e9<\/h6>\n\t\t\t\t\t<span class=\"icon-box--description\">Vous recevrez un traitement personnalis\u00e9 complet<\/span>\n\t\t\t\t<\/div>\n\t\t\t<\/div>\n\n\t\t\t<\/div><div id=\"panel-7719-3-0-1\" class=\"so-panel widget widget_qt_icon_box widget-icon-box panel-last-child\" data-index=\"5\" >\t\t\t\t<div class=\"icon-box\">\n\t\t\t\t\t\t\t<div class=\"icon-box--icon\">\n\t\t\t\t\t<i class=\"fa fa-building-o\"><\/i>\n\t\t\t\t<\/div>\n\t\t\t\t<div class=\"icon-box--text\">\n\t\t\t\t\t<h6 class=\"icon-box--title\">Comfortable Clinic<\/h6>\n\t\t\t\t\t<span class=\"icon-box--description\">Our clinic feels like a comfortable health &amp; fitness center<\/span>\n\t\t\t\t<\/div>\n\t\t\t<\/div>\n\n\t\t\t<\/div><\/div><div id=\"pgc-7719-3-1\"  class=\"panel-grid-cell\" ><div id=\"panel-7719-3-1-0\" class=\"so-panel widget widget_qt_icon_box widget-icon-box panel-first-child\" data-index=\"6\" >\t\t\t\t<div class=\"icon-box\">\n\t\t\t\t\t\t\t<div class=\"icon-box--icon\">\n\t\t\t\t\t<i class=\"fa fa-check\"><\/i>\n\t\t\t\t<\/div>\n\t\t\t\t<div class=\"icon-box--text\">\n\t\t\t\t\t<h6 class=\"icon-box--title\">Formations continues<\/h6>\n\t\t\t\t\t<span class=\"icon-box--description\">Formations constantes dans les nouvelles techniques<\/span>\n\t\t\t\t<\/div>\n\t\t\t<\/div>\n\n\t\t\t<\/div><div id=\"panel-7719-3-1-1\" class=\"so-panel widget widget_qt_icon_box widget-icon-box panel-last-child\" data-index=\"7\" >\t\t\t\t<div class=\"icon-box\">\n\t\t\t\t\t\t\t<div class=\"icon-box--icon\">\n\t\t\t\t\t<i class=\"fa fa-users\"><\/i>\n\t\t\t\t<\/div>\n\t\t\t\t<div class=\"icon-box--text\">\n\t\t\t\t\t<h6 class=\"icon-box--title\">R\u00e9seau de praticiens<\/h6>\n\t\t\t\t\t<span class=\"icon-box--description\">Je travaille de pr\u00e8s avec les praticiens de sant\u00e9 de la r\u00e9gion.<\/span>\n\t\t\t\t<\/div>\n\t\t\t<\/div>\n\n\t\t\t<\/div><\/div><div id=\"pgc-7719-3-2\"  class=\"panel-grid-cell\" ><div id=\"panel-7719-3-2-0\" class=\"so-panel widget widget_qt_icon_box widget-icon-box panel-first-child\" data-index=\"8\" >\t\t\t\t<div class=\"icon-box\">\n\t\t\t\t\t\t\t<div class=\"icon-box--icon\">\n\t\t\t\t\t<i class=\"fa fa-graduation-cap\"><\/i>\n\t\t\t\t<\/div>\n\t\t\t\t<div class=\"icon-box--text\">\n\t\t\t\t\t<h6 class=\"icon-box--title\">Approche EBM<\/h6>\n\t\t\t\t\t<span class=\"icon-box--description\">Approche bas\u00e9e sur la litt\u00e9rature scientifique r\u00e9cente<\/span>\n\t\t\t\t<\/div>\n\t\t\t<\/div>\n\n\t\t\t<\/div><div id=\"panel-7719-3-2-1\" class=\"so-panel widget widget_qt_icon_box widget-icon-box panel-last-child\" data-index=\"9\" >\t\t\t\t<a class=\"icon-box\" href=\"http:\/\/Poser%20des%20buts%20ensemble%20est%20le%20meilleur%20moyen%20d'obtenir%20un%20bon%20r\u00e9sultat.\" >\n\t\t\t\t\t\t\t<div class=\"icon-box--icon\">\n\t\t\t\t\t<i class=\"fa fa-check-circle-o\"><\/i>\n\t\t\t\t<\/div>\n\t\t\t\t<div class=\"icon-box--text\">\n\t\t\t\t\t<h6 class=\"icon-box--title\">Objectifs th\u00e9rapeutiques<\/h6>\n\t\t\t\t\t<span class=\"icon-box--description\">Setting goals is the best way to enjoy a successful outcome<\/span>\n\t\t\t\t<\/div>\n\t\t\t<\/a>\n\n\t\t\t<\/div><\/div><\/div><div id=\"pg-7719-4\"  class=\"panel-grid panel-no-style\" ><div id=\"pgc-7719-4-0\"  class=\"panel-grid-cell\" ><div id=\"panel-7719-4-0-0\" class=\"so-panel widget widget_sow-editor panel-first-child panel-last-child\" data-index=\"10\" ><div class=\"so-widget-sow-editor so-widget-sow-editor-base\"><h3 class=\"widget-title\">Coll\u00e8gues du centre param\u00e9dical Becquevort<\/h3>\n<div class=\"siteorigin-widget-tinymce textwidget\">\n\t<div class=\"siteorigin-widget-tinymce textwidget\">\u00a0<\/div>\n<\/div>\n<\/div><\/div><\/div><\/div><div id=\"pg-7719-5\"  class=\"panel-grid panel-no-style\" ><div id=\"pgc-7719-5-0\"  class=\"panel-grid-cell\" ><div id=\"panel-7719-5-0-0\" class=\"so-panel widget widget_qt_team_member widget-team-member panel-first-child panel-last-child\" data-index=\"11\" >\n\t\t\t<div class=\"team-member\">\n\t\t\t\t\t\t\t\t\t<div class=\"team-member--image\">\n\t\t\t\t\t\t<img src=\"http:\/\/kine-genval.be\/wp-content\/uploads\/2017\/05\/Raphael-Mayne-e1494936220807.jpg\" alt=\"Rapha\u00ebl Mayn\u00e9\">\n\t\t\t\t\t\t<div class=\"team-member--social\">\n\t\t\t\t\t\t\t<div class=\"overlay--center\">\n\t\t\t\t\t\t\t\t\t\t\t\t\t\t\t\t\t<a href=\"http:\/\/kine-genval.be\/index.php\/centre-paramedical-becquevort\/\" ><i class=\"fa fa-facebook\"><\/i><\/a>\n\t\t\t\t\t\t\t\t\t\t\t\t\t\t\t\t\t\t\t\t\t\t\t\t\t<a href=\"#\" ><i class=\"fa fa-twitter\"><\/i><\/a>\n\t\t\t\t\t\t\t\t\t\t\t\t\t\t\t\t\t\t\t\t\t\t\t\t\t<a href=\"#\" ><i class=\"fa fa-linkedin\"><\/i><\/a>\n\t\t\t\t\t\t\t\t\t\t\t\t\t\t\t\t\t\t\t\t\t\t\t\t\t<a href=\"mailto:\"><i class=\"fa fa-envelope\"><\/i><\/a>\n\t\t\t\t\t\t\t\t\t\t\t\t\t\t\t<\/div>\n\t\t\t\t\t\t<\/div>\n\t\t\t\t\t<\/div>\n\t\t\t\t\t\t\t\t<div class=\"team-member--content\">\n\t\t\t\t\t<h4 class=\"team-member--name\">\n\t\t\t\t\t\t\t\t\t\t\t\t\t<a href=\"#\">\n\t\t\t\t\t\t\t\t\t\t\t\tRapha\u00ebl Mayn\u00e9\t\t\t\t\t\t<\/a>\t\t\t\t\t<\/h4>\n\t\t\t\t\t\t\t\t\t\t\t<span class=\"team-member--tag\">Kin\u00e9sith\u00e9rapeute<\/span>\n\t\t\t\t\t\t\t\t\t\t\t\t\t\t\t\t<p class=\"team-member--description\">Kin\u00e9sith\u00e9rapeute et fondateur centre param\u00e9dical Becquevort<\/p>\n\t\t\t\t\t\t\t\t\t\t\t\t\t\t\t\t<a href=\"#\" class=\"text-link\">En savoir plus<\/a>\n\t\t\t\t\t\t\t\t\t<\/div>\n\t\t\t<\/div>\n\n\t\t\t<\/div><\/div><div id=\"pgc-7719-5-1\"  class=\"panel-grid-cell\" ><div id=\"panel-7719-5-1-0\" class=\"so-panel widget widget_qt_team_member widget-team-member panel-first-child panel-last-child\" data-index=\"12\" >\n\t\t\t<div class=\"team-member\">\n\t\t\t\t\t\t\t\t\t<div class=\"team-member--image\">\n\t\t\t\t\t\t<img src=\"http:\/\/kine-genval.be\/wp-content\/uploads\/2017\/05\/Aurelie-Collet-e1494937235143.jpg\" alt=\"St\u00e9phanie Struyf\">\n\t\t\t\t\t\t<div class=\"team-member--social\">\n\t\t\t\t\t\t\t<div class=\"overlay--center\">\n\t\t\t\t\t\t\t\t\t\t\t\t\t\t\t\t\t<a href=\"#\" ><i class=\"fa fa-facebook\"><\/i><\/a>\n\t\t\t\t\t\t\t\t\t\t\t\t\t\t\t\t\t\t\t\t\t\t\t\t\t<a href=\"#\" ><i class=\"fa fa-twitter\"><\/i><\/a>\n\t\t\t\t\t\t\t\t\t\t\t\t\t\t\t\t\t\t\t\t\t\t\t\t\t<a href=\"#\" ><i class=\"fa fa-linkedin\"><\/i><\/a>\n\t\t\t\t\t\t\t\t\t\t\t\t\t\t\t\t\t\t\t\t\t\t\t\t\t<a href=\"mailto:\"><i class=\"fa fa-envelope\"><\/i><\/a>\n\t\t\t\t\t\t\t\t\t\t\t\t\t\t\t<\/div>\n\t\t\t\t\t\t<\/div>\n\t\t\t\t\t<\/div>\n\t\t\t\t\t\t\t\t<div class=\"team-member--content\">\n\t\t\t\t\t<h4 class=\"team-member--name\">\n\t\t\t\t\t\t\t\t\t\t\t\t\t<a href=\"https:\/\/medic-ham.be\/team\/stephanie-struyf\/\">\n\t\t\t\t\t\t\t\t\t\t\t\tSt\u00e9phanie Struyf\t\t\t\t\t\t<\/a>\t\t\t\t\t<\/h4>\n\t\t\t\t\t\t\t\t\t\t\t<span class=\"team-member--tag\">Kin\u00e9sith\u00e9rapeute<\/span>\n\t\t\t\t\t\t\t\t\t\t\t\t\t\t\t\t<p class=\"team-member--description\">Kin\u00e9sith\u00e9rapeute, \n<\/p>\n\t\t\t\t\t\t\t\t\t\t\t\t\t\t\t\t<a href=\"https:\/\/medic-ham.be\/team\/stephanie-struyf\/\" class=\"text-link\">En savoir plus<\/a>\n\t\t\t\t\t\t\t\t\t<\/div>\n\t\t\t<\/div>\n\n\t\t\t<\/div><\/div><div id=\"pgc-7719-5-2\"  class=\"panel-grid-cell\" ><div id=\"panel-7719-5-2-0\" class=\"so-panel widget widget_qt_team_member widget-team-member panel-first-child panel-last-child\" data-index=\"13\" >\n\t\t\t<div class=\"team-member\">\n\t\t\t\t\t\t\t\t\t<div class=\"team-member--image\">\n\t\t\t\t\t\t<img src=\"http:\/\/kine-genval.be\/wp-content\/uploads\/2017\/05\/Korneeva-Victoria-e1494937674532.jpg\" alt=\"Sylvie Bard\">\n\t\t\t\t\t\t<div class=\"team-member--social\">\n\t\t\t\t\t\t\t<div class=\"overlay--center\">\n\t\t\t\t\t\t\t\t\t\t\t\t\t\t\t\t\t<a href=\"#\" ><i class=\"fa fa-facebook\"><\/i><\/a>\n\t\t\t\t\t\t\t\t\t\t\t\t\t\t\t\t\t\t\t\t\t\t\t\t\t<a href=\"#\" ><i class=\"fa fa-twitter\"><\/i><\/a>\n\t\t\t\t\t\t\t\t\t\t\t\t\t\t\t\t\t\t\t\t\t\t\t\t\t<a href=\"#\" ><i class=\"fa fa-linkedin\"><\/i><\/a>\n\t\t\t\t\t\t\t\t\t\t\t\t\t\t\t\t\t\t\t\t\t\t\t\t\t<a href=\"mailto:\"><i class=\"fa fa-envelope\"><\/i><\/a>\n\t\t\t\t\t\t\t\t\t\t\t\t\t\t\t<\/div>\n\t\t\t\t\t\t<\/div>\n\t\t\t\t\t<\/div>\n\t\t\t\t\t\t\t\t<div class=\"team-member--content\">\n\t\t\t\t\t<h4 class=\"team-member--name\">\n\t\t\t\t\t\t\t\t\t\t\t\t\t<a href=\"http:\/\/podologue-brabantwallon.be\/fr\">\n\t\t\t\t\t\t\t\t\t\t\t\tSylvie Bard\t\t\t\t\t\t<\/a>\t\t\t\t\t<\/h4>\n\t\t\t\t\t\t\t\t\t\t\t<span class=\"team-member--tag\">Podologue - P\u00e9dicure<\/span>\n\t\t\t\t\t\t\t\t\t\t\t\t\t\t\t\t<p class=\"team-member--description\">Podologue agr\u00e9e<\/p>\n\t\t\t\t\t\t\t\t\t\t\t\t\t\t\t\t<a href=\"http:\/\/podologue-brabantwallon.be\/fr\" class=\"text-link\">En savoir plus<\/a>\n\t\t\t\t\t\t\t\t\t<\/div>\n\t\t\t<\/div>\n\n\t\t\t<\/div><\/div><div id=\"pgc-7719-5-3\"  class=\"panel-grid-cell\" ><div id=\"panel-7719-5-3-0\" class=\"so-panel widget widget_qt_team_member widget-team-member panel-first-child panel-last-child\" data-index=\"14\" >\n\t\t\t<div class=\"team-member\">\n\t\t\t\t\t\t\t\t\t<div class=\"team-member--image\">\n\t\t\t\t\t\t<img src=\"http:\/\/kine-genval.be\/wp-content\/uploads\/2017\/05\/Guillaume-Solano-e1494938705690.jpg\" alt=\"Guillaume Solano\">\n\t\t\t\t\t\t<div class=\"team-member--social\">\n\t\t\t\t\t\t\t<div class=\"overlay--center\">\n\t\t\t\t\t\t\t\t\t\t\t\t\t\t\t\t\t<a href=\"#\" ><i class=\"fa fa-facebook\"><\/i><\/a>\n\t\t\t\t\t\t\t\t\t\t\t\t\t\t\t\t\t\t\t\t\t\t\t\t\t<a href=\"#\" ><i class=\"fa fa-twitter\"><\/i><\/a>\n\t\t\t\t\t\t\t\t\t\t\t\t\t\t\t\t\t\t\t\t\t\t\t\t\t<a href=\"#\" ><i class=\"fa fa-linkedin\"><\/i><\/a>\n\t\t\t\t\t\t\t\t\t\t\t\t\t\t\t\t\t\t\t\t\t\t\t\t\t<a href=\"mailto:\"><i class=\"fa fa-envelope\"><\/i><\/a>\n\t\t\t\t\t\t\t\t\t\t\t\t\t\t\t<\/div>\n\t\t\t\t\t\t<\/div>\n\t\t\t\t\t<\/div>\n\t\t\t\t\t\t\t\t<div class=\"team-member--content\">\n\t\t\t\t\t<h4 class=\"team-member--name\">\n\t\t\t\t\t\t\t\t\t\t\t\t\t<a href=\"http:\/\/www.osteopathe-genval.be\/index.html\">\n\t\t\t\t\t\t\t\t\t\t\t\tGuillaume Solano\t\t\t\t\t\t<\/a>\t\t\t\t\t<\/h4>\n\t\t\t\t\t\t\t\t\t\t\t<span class=\"team-member--tag\">Ost\u00e9opathe<\/span>\n\t\t\t\t\t\t\t\t\t\t\t\t\t\t\t\t<p class=\"team-member--description\">Ost\u00e9opathe  form\u00e9 \u00e0 l'Institut Sup\u00e9rieur d'Ost\u00e9opathie d'Aix en Provence <\/p>\n\t\t\t\t\t\t\t\t\t\t\t\t\t\t\t\t<a href=\"http:\/\/www.osteopathe-genval.be\/index.html\" class=\"text-link\">En savoir plus<\/a>\n\t\t\t\t\t\t\t\t\t<\/div>\n\t\t\t<\/div>\n\n\t\t\t<\/div><\/div><\/div><div id=\"pg-7719-6\"  class=\"panel-grid panel-has-style\" ><div class=\"siteorigin-panels-stretch panel-row-style panel-row-style-for-7719-6\" data-stretch-type=\"full\" ><div id=\"pgc-7719-6-0\"  class=\"panel-grid-cell\" ><div id=\"panel-7719-6-0-0\" class=\"so-panel widget widget_qt_call_to_action widget-cta-banner panel-first-child panel-last-child\" data-index=\"15\" >\n\t\t\t<div class=\"call-to-action cta-block\">\n\t\t\t\t<div class=\"call-to-action--content\">\n\t\t\t\t\t<div class=\"call-to-action--title\" style=\"color: #ffffff;\">\n\t\t\t\t\t\tNo matter whether your condition was caused by a sport, work <br> accident or otherwise, we welcome the chance to serve you.\t\t\t\t\t<\/div>\n\t\t\t\t\t\t\t\t\t<\/div>\n\t\t\t\t<div class=\"call-to-action--buttons\">\n\t\t\t\t\t<a href=\"#\" target=\"_self\" class=\"btn btn-outline\" >Schedule an Appointment<\/a>\t\t\t\t<\/div>\n\t\t\t<\/div>\n\n\t\t\t<\/div><\/div><\/div><\/div><div id=\"pg-7719-7\"  class=\"panel-grid panel-has-style\" ><div class=\"siteorigin-panels-stretch panel-row-style panel-row-style-for-7719-7\" data-stretch-type=\"full-stretched\" ><div id=\"pgc-7719-7-0\"  class=\"panel-grid-cell\" ><div id=\"panel-7719-7-0-0\" class=\"so-panel widget widget_sow-google-map panel-first-child panel-last-child\" data-index=\"16\" ><div class=\"so-widget-sow-google-map so-widget-sow-google-map-default-ebb6a8cbd189\">\n<div class=\"sow-google-map-canvas\"\n\tstyle=\"\"\n\tid=\"map-canvas-89c0f2153816e5a779eacd04dcc8f22f\"\n\tdata-options=\"{&quot;address&quot;:&quot;Place Becquevort, 2 1332 Genval&quot;,&quot;zoom&quot;:15,&quot;mobileZoom&quot;:15,&quot;gestureHandling&quot;:&quot;cooperative&quot;,&quot;disableUi&quot;:false,&quot;keepCentered&quot;:true,&quot;markerIcon&quot;:&quot;&quot;,&quot;markersDraggable&quot;:false,&quot;markerAtCenter&quot;:true,&quot;markerInfoDisplay&quot;:&quot;always&quot;,&quot;markerInfoMultiple&quot;:true,&quot;markerPositions&quot;:[{&quot;place&quot;:&quot;Place Becquevort, 2 1332 Genval&quot;,&quot;info&quot;:&quot;&lt;p&gt;Ludovic Leboulanger-Even&lt;\\\/p&gt;&quot;,&quot;infoSelectedEditor&quot;:&quot;tinymce&quot;,&quot;infoMaxWidth&quot;:&quot;&quot;,&quot;customMarkerIcon&quot;:&quot;&quot;}],&quot;mapName&quot;:&quot;Carte personnalis\\u00e9e&quot;,&quot;mapStyles&quot;:[{&quot;featureType&quot;:&quot;landscape&quot;,&quot;stylers&quot;:[{&quot;saturation&quot;:-100},{&quot;lightness&quot;:60}]},{&quot;featureType&quot;:&quot;road.local&quot;,&quot;stylers&quot;:[{&quot;saturation&quot;:-100},{&quot;lightness&quot;:40},{&quot;visibility&quot;:&quot;on&quot;}]},{&quot;featureType&quot;:&quot;transit&quot;,&quot;stylers&quot;:[{&quot;saturation&quot;:-100},{&quot;visibility&quot;:&quot;simplified&quot;}]},{&quot;featureType&quot;:&quot;administrative.province&quot;,&quot;stylers&quot;:[{&quot;visibility&quot;:&quot;off&quot;}]},{&quot;featureType&quot;:&quot;water&quot;,&quot;stylers&quot;:[{&quot;visibility&quot;:&quot;on&quot;},{&quot;lightness&quot;:30}]},{&quot;featureType&quot;:&quot;road.highway&quot;,&quot;elementType&quot;:&quot;geometry.fill&quot;,&quot;stylers&quot;:[{&quot;color&quot;:&quot;#ef8c25&quot;},{&quot;lightness&quot;:40}]},{&quot;featureType&quot;:&quot;road.highway&quot;,&quot;elementType&quot;:&quot;geometry.stroke&quot;,&quot;stylers&quot;:[{&quot;visibility&quot;:&quot;off&quot;}]},{&quot;featureType&quot;:&quot;poi.park&quot;,&quot;elementType&quot;:&quot;geometry.fill&quot;,&quot;stylers&quot;:[{&quot;color&quot;:&quot;#b6c54c&quot;},{&quot;lightness&quot;:40},{&quot;saturation&quot;:-40}]},[]],&quot;directions&quot;:&quot;&quot;,&quot;apiKey&quot;:&quot;AIzaSyDYB70EM7-9xzvrW2w1E5-wv1TCwjFWE-E&quot;,&quot;breakpoint&quot;:780}\"\n\tdata-fallback-image=\"{&quot;img&quot;:&quot;&quot;}\"><\/div>\n<\/div><\/div><\/div><\/div><\/div><\/div>","protected":false},"excerpt":{"rendered":"<p>Suivant chaque cas, un plan de traitement personnel est \u00e9labor\u00e9. L&rsquo;accent sera mis sur la r\u00e9cup\u00e9ration de la fonction d\u00e9faillante, mais \u00e9galement sur la pr\u00e9vention d&rsquo;une nouvelle pathologie. Je vous propose donc une prise en charge compl\u00e8te et adapt\u00e9e \u00e0 vos besoins ainsi qu&rsquo;\u00e0 vos disponibilit\u00e9s. Pour cela, un bilan complet aura une place pr\u00e9pond\u00e9rante [&hellip;]<\/p>\n","protected":false},"author":1,"featured_media":0,"parent":0,"menu_order":0,"comment_status":"closed","ping_status":"closed","template":"template-front-jumbtron.php","meta":[],"yoast_head":"<!-- This site is optimized with the Yoast SEO plugin v15.6.2 - https:\/\/yoast.com\/wordpress\/plugins\/seo\/ -->\n<title>Acceuil - Kin\u00e9sith\u00e9rapeute Ludovic Leboulanger La Hulpe Genval<\/title>\n<meta name=\"description\" content=\"Ludovic Leboulanger, kin\u00e9sith\u00e9rapeute dipl\u00f4m\u00e9, exerce \u00e0 Genval et La Hulpe dans le Brabant wallon. Il se d\u00e9place \u00e9galement \u00e0 domicile dans un rayon de 15 km\" \/>\n<meta name=\"robots\" content=\"index, follow, max-snippet:-1, max-image-preview:large, max-video-preview:-1\" \/>\n<link rel=\"canonical\" href=\"https:\/\/kine-genval.be\/\" \/>\n<meta property=\"og:locale\" content=\"fr_FR\" \/>\n<meta property=\"og:type\" content=\"article\" \/>\n<meta property=\"og:title\" content=\"Acceuil - Kin\u00e9sith\u00e9rapeute Ludovic Leboulanger La Hulpe Genval\" \/>\n<meta property=\"og:description\" content=\"Ludovic Leboulanger, kin\u00e9sith\u00e9rapeute dipl\u00f4m\u00e9, exerce \u00e0 Genval et La Hulpe dans le Brabant wallon. Il se d\u00e9place \u00e9galement \u00e0 domicile dans un rayon de 15 km\" \/>\n<meta property=\"og:url\" content=\"https:\/\/kine-genval.be\/\" \/>\n<meta property=\"og:site_name\" content=\"Kin\u00e9sith\u00e9rapeute Ludovic Leboulanger La Hulpe Genval\" \/>\n<meta property=\"article:modified_time\" content=\"2021-01-21T22:28:56+00:00\" \/>\n<meta property=\"og:image\" content=\"http:\/\/kine-genval.be\/wp-content\/uploads\/2017\/05\/2017-03-16-13.03.01-e1494598245789.jpg\" \/>\n<meta name=\"twitter:card\" content=\"summary\" \/>\n<meta name=\"twitter:label1\" content=\"Dur\u00e9e de lecture est.\">\n\t<meta name=\"twitter:data1\" content=\"1 minute\">\n<script type=\"application\/ld+json\" class=\"yoast-schema-graph\">{\"@context\":\"https:\/\/schema.org\",\"@graph\":[{\"@type\":\"WebSite\",\"@id\":\"https:\/\/kine-genval.be\/#website\",\"url\":\"https:\/\/kine-genval.be\/\",\"name\":\"Kin\\u00e9sith\\u00e9rapeute Ludovic Leboulanger La Hulpe Genval\",\"description\":\"- Site en construction -\",\"potentialAction\":[{\"@type\":\"SearchAction\",\"target\":\"https:\/\/kine-genval.be\/?s={search_term_string}\",\"query-input\":\"required name=search_term_string\"}],\"inLanguage\":\"fr-FR\"},{\"@type\":\"ImageObject\",\"@id\":\"https:\/\/kine-genval.be\/#primaryimage\",\"inLanguage\":\"fr-FR\",\"url\":\"http:\/\/kine-genval.be\/wp-content\/uploads\/2017\/05\/2017-03-16-13.03.01-e1494598245789.jpg\"},{\"@type\":\"WebPage\",\"@id\":\"https:\/\/kine-genval.be\/#webpage\",\"url\":\"https:\/\/kine-genval.be\/\",\"name\":\"Acceuil - Kin\\u00e9sith\\u00e9rapeute Ludovic Leboulanger La Hulpe Genval\",\"isPartOf\":{\"@id\":\"https:\/\/kine-genval.be\/#website\"},\"primaryImageOfPage\":{\"@id\":\"https:\/\/kine-genval.be\/#primaryimage\"},\"datePublished\":\"2017-05-15T20:33:40+00:00\",\"dateModified\":\"2021-01-21T22:28:56+00:00\",\"description\":\"Ludovic Leboulanger, kin\\u00e9sith\\u00e9rapeute dipl\\u00f4m\\u00e9, exerce \\u00e0 Genval et La Hulpe dans le Brabant wallon. Il se d\\u00e9place \\u00e9galement \\u00e0 domicile dans un rayon de 15 km\",\"inLanguage\":\"fr-FR\",\"potentialAction\":[{\"@type\":\"ReadAction\",\"target\":[\"https:\/\/kine-genval.be\/\"]}]}]}<\/script>\n<!-- \/ Yoast SEO plugin. -->","_links":{"self":[{"href":"https:\/\/kine-genval.be\/index.php\/wp-json\/wp\/v2\/pages\/7719"}],"collection":[{"href":"https:\/\/kine-genval.be\/index.php\/wp-json\/wp\/v2\/pages"}],"about":[{"href":"https:\/\/kine-genval.be\/index.php\/wp-json\/wp\/v2\/types\/page"}],"author":[{"embeddable":true,"href":"https:\/\/kine-genval.be\/index.php\/wp-json\/wp\/v2\/users\/1"}],"replies":[{"embeddable":true,"href":"https:\/\/kine-genval.be\/index.php\/wp-json\/wp\/v2\/comments?post=7719"}],"version-history":[{"count":95,"href":"https:\/\/kine-genval.be\/index.php\/wp-json\/wp\/v2\/pages\/7719\/revisions"}],"predecessor-version":[{"id":7920,"href":"https:\/\/kine-genval.be\/index.php\/wp-json\/wp\/v2\/pages\/7719\/revisions\/7920"}],"wp:attachment":[{"href":"https:\/\/kine-genval.be\/index.php\/wp-json\/wp\/v2\/media?parent=7719"}],"curies":[{"name":"wp","href":"https:\/\/api.w.org\/{rel}","templated":true}]}}