{"id":7860,"date":"2017-05-20T19:39:22","date_gmt":"2017-05-20T17:39:22","guid":{"rendered":"https:\/\/kine-genval.be\/?page_id=7860"},"modified":"2017-05-20T19:49:45","modified_gmt":"2017-05-20T17:49:45","slug":"sites-partenaires","status":"publish","type":"page","link":"https:\/\/kine-genval.be\/index.php\/sites-partenaires\/","title":{"rendered":"Sites partenaires"},"content":{"rendered":"<div id=\"pl-7860\"  class=\"panel-layout\" ><div id=\"pg-7860-0\"  class=\"panel-grid panel-no-style\" ><div id=\"pgc-7860-0-0\"  class=\"panel-grid-cell\" ><div id=\"panel-7860-0-0-0\" class=\"so-panel widget widget_sow-editor panel-first-child panel-last-child\" data-index=\"0\" ><div class=\"so-widget-sow-editor so-widget-sow-editor-base\"><h3 class=\"widget-title\">Site r\u00e9f\u00e9renc\u00e9 par <\/h3>\n<div class=\"siteorigin-widget-tinymce textwidget\">\n\t<p>\u2022    <a href=\"http:\/\/www.noskines.be\">NosKines.be, site de recherche de kin\u00e9s avec recommandations de Clients<\/a><\/p>\n<\/div>\n<\/div><\/div><\/div><\/div><\/div>","protected":false},"excerpt":{"rendered":"<p>\u2022 NosKines.be, site de recherche de kin\u00e9s avec recommandations de Clients<\/p>\n","protected":false},"author":1,"featured_media":0,"parent":0,"menu_order":0,"comment_status":"closed","ping_status":"closed","template":"","meta":[],"yoast_head":"<!-- This site is optimized with the Yoast SEO plugin v15.6.2 - https:\/\/yoast.com\/wordpress\/plugins\/seo\/ -->\n<title>Sites partenaires - Kin\u00e9sith\u00e9rapeute Ludovic Leboulanger La Hulpe Genval<\/title>\n<meta name=\"robots\" content=\"index, follow, max-snippet:-1, max-image-preview:large, max-video-preview:-1\" \/>\n<link rel=\"canonical\" href=\"https:\/\/kine-genval.be\/index.php\/sites-partenaires\/\" \/>\n<meta property=\"og:locale\" content=\"fr_FR\" \/>\n<meta property=\"og:type\" content=\"article\" \/>\n<meta property=\"og:title\" content=\"Sites partenaires - Kin\u00e9sith\u00e9rapeute Ludovic Leboulanger La Hulpe Genval\" \/>\n<meta property=\"og:description\" content=\"\u2022 NosKines.be, site de recherche de kin\u00e9s avec recommandations de Clients\" \/>\n<meta property=\"og:url\" content=\"https:\/\/kine-genval.be\/index.php\/sites-partenaires\/\" \/>\n<meta property=\"og:site_name\" content=\"Kin\u00e9sith\u00e9rapeute Ludovic Leboulanger La Hulpe Genval\" \/>\n<meta property=\"article:modified_time\" content=\"2017-05-20T17:49:45+00:00\" \/>\n<meta name=\"twitter:card\" content=\"summary\" \/>\n<script type=\"application\/ld+json\" class=\"yoast-schema-graph\">{\"@context\":\"https:\/\/schema.org\",\"@graph\":[{\"@type\":\"WebSite\",\"@id\":\"https:\/\/kine-genval.be\/#website\",\"url\":\"https:\/\/kine-genval.be\/\",\"name\":\"Kin\\u00e9sith\\u00e9rapeute Ludovic Leboulanger La Hulpe Genval\",\"description\":\"- Site en construction -\",\"potentialAction\":[{\"@type\":\"SearchAction\",\"target\":\"https:\/\/kine-genval.be\/?s={search_term_string}\",\"query-input\":\"required name=search_term_string\"}],\"inLanguage\":\"fr-FR\"},{\"@type\":\"WebPage\",\"@id\":\"https:\/\/kine-genval.be\/index.php\/sites-partenaires\/#webpage\",\"url\":\"https:\/\/kine-genval.be\/index.php\/sites-partenaires\/\",\"name\":\"Sites partenaires - Kin\\u00e9sith\\u00e9rapeute Ludovic Leboulanger La Hulpe Genval\",\"isPartOf\":{\"@id\":\"https:\/\/kine-genval.be\/#website\"},\"datePublished\":\"2017-05-20T17:39:22+00:00\",\"dateModified\":\"2017-05-20T17:49:45+00:00\",\"inLanguage\":\"fr-FR\",\"potentialAction\":[{\"@type\":\"ReadAction\",\"target\":[\"https:\/\/kine-genval.be\/index.php\/sites-partenaires\/\"]}]}]}<\/script>\n<!-- \/ Yoast SEO plugin. -->","_links":{"self":[{"href":"https:\/\/kine-genval.be\/index.php\/wp-json\/wp\/v2\/pages\/7860"}],"collection":[{"href":"https:\/\/kine-genval.be\/index.php\/wp-json\/wp\/v2\/pages"}],"about":[{"href":"https:\/\/kine-genval.be\/index.php\/wp-json\/wp\/v2\/types\/page"}],"author":[{"embeddable":true,"href":"https:\/\/kine-genval.be\/index.php\/wp-json\/wp\/v2\/users\/1"}],"replies":[{"embeddable":true,"href":"https:\/\/kine-genval.be\/index.php\/wp-json\/wp\/v2\/comments?post=7860"}],"version-history":[{"count":23,"href":"https:\/\/kine-genval.be\/index.php\/wp-json\/wp\/v2\/pages\/7860\/revisions"}],"predecessor-version":[{"id":7883,"href":"https:\/\/kine-genval.be\/index.php\/wp-json\/wp\/v2\/pages\/7860\/revisions\/7883"}],"wp:attachment":[{"href":"https:\/\/kine-genval.be\/index.php\/wp-json\/wp\/v2\/media?parent=7860"}],"curies":[{"name":"wp","href":"https:\/\/api.w.org\/{rel}","templated":true}]}}